{"id":4441,"date":"2023-02-24T17:04:24","date_gmt":"2023-02-24T20:04:24","guid":{"rendered":"https:\/\/www.decomobi.com.ar\/sitio\/?page_id=4441"},"modified":"2024-01-12T11:13:06","modified_gmt":"2024-01-12T14:13:06","slug":"preguntas-frecuentes","status":"publish","type":"page","link":"https:\/\/www.decomobi.com.ar\/sitio\/preguntas-frecuentes\/","title":{"rendered":"Preguntas frecuentes"},"content":{"rendered":"\t\t<div data-elementor-type=\"wp-page\" data-elementor-id=\"4441\" class=\"elementor elementor-4441\" data-elementor-post-type=\"page\">\n\t\t\t\t\t\t<section class=\"elementor-section elementor-top-section elementor-element elementor-element-34a4151a elementor-section-boxed elementor-section-height-default elementor-section-height-default\" data-id=\"34a4151a\" data-element_type=\"section\" data-e-type=\"section\">\n\t\t\t\t\t\t<div class=\"elementor-container elementor-column-gap-default\">\n\t\t\t\t\t<div class=\"elementor-column elementor-col-100 elementor-top-column elementor-element elementor-element-6a34218\" data-id=\"6a34218\" data-element_type=\"column\" data-e-type=\"column\" data-settings=\"{&quot;background_background&quot;:&quot;classic&quot;}\">\n\t\t\t<div class=\"elementor-widget-wrap elementor-element-populated\">\n\t\t\t\t\t\t<div class=\"elementor-element elementor-element-505a4103 elementor-widget elementor-widget-text-editor\" data-id=\"505a4103\" data-element_type=\"widget\" data-e-type=\"widget\" data-widget_type=\"text-editor.default\">\n\t\t\t\t<div class=\"elementor-widget-container\">\n\t\t\t\t\t\t\t\t\t<p><strong>\u00bfCu\u00e1ndo inician las clases?<\/strong><\/p><ul><li>Las clases inician en marzo<\/li><\/ul><p><strong>\u00bfCu\u00e1l es el temario?<\/strong><\/p><ul><li>El temario es muy amplio, b\u00e1sicamente se divide en cuatro \u00e1reas: Dise\u00f1o, Estilos, Componentes y Representaci\u00f3n que abordan todos los espacios de la vivienda incluyendo su iluminaci\u00f3n, los diferentes estilos de muebles y c\u00f3mo utilizarlos en ambientes actuales.<br \/>Est\u00e9ticas y materialidad, teor\u00eda del color, dibujo de planos, presentaci\u00f3n de proyectos y muchos m\u00e1s.<\/li><\/ul><p><strong>\u00bfCu\u00e1l es su duraci\u00f3n?<\/strong><\/p><ul><li>2 a\u00f1os m\u00e1s un cuatrimestre optativo (<a href=\"https:\/\/www.decomobi.com.ar\/sitio\/seminario-de-ejercitacion-profesional\/\">SEP<\/a>), dependiendo del nivel de formaci\u00f3n que desees alcanzar.<\/li><\/ul><p><strong>\u00bfCu\u00e1les son los d\u00edas y horarios?<\/strong><\/p><ul><li>Cada sede tiene un d\u00eda asignado y los horarios pueden ser tres: ma\u00f1ana, tarde o noche (a confirmar)<\/li><\/ul><p><strong>\u00bfCu\u00e1ntas veces por semana debo asistir?<\/strong><\/p><ul><li>S\u00f3lo una vez a la semana durante 3 horas que es la duraci\u00f3n de cada clase.<\/li><\/ul><p><strong>\u00bfCu\u00e1l es la modalidad?<\/strong><\/p><ul><li>Semipresencial o A Distancia.<\/li><\/ul><p><strong>\u00bfQu\u00e9 sucede si no puedo asistir a una o algunas clases?<\/strong><\/p><ul><li>Podr\u00e1s recuperarla en otro horario y\/o en otra sede.<\/li><\/ul><p><strong>\u00bfQu\u00e9 costo tiene?<\/strong><\/p><ul><li>Una matr\u00edcula por a\u00f1o m\u00e1s 10 cuotas mensuales. CONSULTAR.<\/li><\/ul><p><strong>\u00bfC\u00f3mo me inscribo?<\/strong><\/p><ul><li>Podes hacerlo personalmente en la sede elegida o comunic\u00e1ndote por alguno de los canales que tenemos a disposici\u00f3n.<\/li><\/ul><p><strong>\u00bfCu\u00e1les son los medios de pago?<\/strong><\/p><ul><li>Efectivo, transferencia, dep\u00f3sito bancario o Mercado Pago<\/li><\/ul><p><strong>\u00bfQu\u00e9 requisitos debo reunir para matricularme?<\/strong><\/p><ul><li>Ser mayor de edad y brindarnos tus datos personales.<\/li><li>Se recomienda tambi\u00e9n:<\/li><li>Acceso y manejo b\u00e1sico de internet<\/li><li>Cuenta de correo electr\u00f3nico\u00a0(@gmail preferentemente)<\/li><li>Celular con c\u00e1mara<\/li><li>Conocimientos b\u00e1sicos de inform\u00e1tica\u00a0(abrir y enviar archivos)<\/li><li>Escribir en procesador de texto e insertar im\u00e1genes<\/li><li>Plataforma Zoom<\/li><\/ul><p><strong>\u00bfNecesito poseer conocimientos previos?<\/strong><\/p><ul><li>No necesariamente ya que comenzamos desde cero en todas las \u00e1reas.<\/li><\/ul><p><strong>\u00bfQu\u00e9 tipo de certificaci\u00f3n otorgan?<\/strong><\/p><ul><li>Al t\u00e9rmino de 2do a\u00f1o una certificaci\u00f3n privada en donde se acredita las habilidades adquiridas.<\/li><\/ul><p><strong>\u00bfCu\u00e1l es la cantidad de alumnos por curso?<\/strong><\/p><ul><li>M\u00ednimo 12 y el m\u00e1ximo depender\u00e1 de la capacidad de cada sede.<\/li><\/ul><p><strong>\u00bfHay apuntes?<\/strong><\/p><ul><li>S\u00ed, se enviar\u00e1n apuntes digitales.<\/li><\/ul><p><strong>\u00bfSe necesitan materiales para trabajar?<\/strong><\/p><ul><li>Se entregar\u00e1n los materiales necesarios en las clases presenciales.<\/li><\/ul><p><strong>\u00bfCu\u00e1les son las sedes?<\/strong><\/p><ul><li>Caballito, Centro, N\u00fa\u00f1ez, Lomas de Zamora, Mart\u00ednez, Pilar y San Telmo.<\/li><\/ul><p><strong>\u00bfPoseen bolsa de trabajo?<\/strong><\/p><ul><li>Si<\/li><\/ul><p><strong>\u00bfHay evaluaciones?<\/strong><\/p><ul><li>Si, mediante simples cuestionarios y encargos de trabajos pr\u00e1cticos.<\/li><\/ul><p><strong>\u00bfHay pr\u00e1ctica profesional?<\/strong><\/p><ul><li>Si, luego de la aprobar los 2 a\u00f1os, ofrecemos un Seminario de Ejercitaci\u00f3n Profesional (<a href=\"https:\/\/www.decomobi.com.ar\/sitio\/seminario-de-ejercitacion-profesional\/\">SEP<\/a>) cuya duraci\u00f3n es de 1 cuatrimestre, 12 clases virtuales.<\/li><\/ul><p><strong>\u00bfLos egresados pueden participar de las actividades propuestas actualmente?<\/strong><\/p><ul><li>S\u00ed, los egresados podr\u00e1n acceder a clases de actualizaci\u00f3n, exposiciones, visitas y salidas propuestas cada a\u00f1o.<\/li><\/ul>\t\t\t\t\t\t\t\t<\/div>\n\t\t\t\t<\/div>\n\t\t\t\t\t<\/div>\n\t\t<\/div>\n\t\t\t\t\t<\/div>\n\t\t<\/section>\n\t\t\t\t<\/div>\n\t\t","protected":false},"excerpt":{"rendered":"<p>\u00bfCu\u00e1ndo inician las clases? Las clases inician en marzo \u00bfCu\u00e1l es el temario? El temario es muy amplio, b\u00e1sicamente se divide en cuatro \u00e1reas: Dise\u00f1o, Estilos, Componentes y Representaci\u00f3n que abordan todos los espacios de la vivienda incluyendo su iluminaci\u00f3n, los diferentes estilos de muebles y c\u00f3mo utilizarlos en ambientes actuales.Est\u00e9ticas y materialidad, teor\u00eda del [&hellip;]<\/p>\n","protected":false},"author":96739693,"featured_media":4911,"parent":0,"menu_order":0,"comment_status":"closed","ping_status":"closed","template":"","meta":{"footnotes":""},"class_list":["post-4441","page","type-page","status-publish","has-post-thumbnail","czr-hentry"],"_links":{"self":[{"href":"https:\/\/www.decomobi.com.ar\/sitio\/wp-json\/wp\/v2\/pages\/4441","targetHints":{"allow":["GET"]}}],"collection":[{"href":"https:\/\/www.decomobi.com.ar\/sitio\/wp-json\/wp\/v2\/pages"}],"about":[{"href":"https:\/\/www.decomobi.com.ar\/sitio\/wp-json\/wp\/v2\/types\/page"}],"author":[{"embeddable":true,"href":"https:\/\/www.decomobi.com.ar\/sitio\/wp-json\/wp\/v2\/users\/96739693"}],"replies":[{"embeddable":true,"href":"https:\/\/www.decomobi.com.ar\/sitio\/wp-json\/wp\/v2\/comments?post=4441"}],"version-history":[{"count":77,"href":"https:\/\/www.decomobi.com.ar\/sitio\/wp-json\/wp\/v2\/pages\/4441\/revisions"}],"predecessor-version":[{"id":5359,"href":"https:\/\/www.decomobi.com.ar\/sitio\/wp-json\/wp\/v2\/pages\/4441\/revisions\/5359"}],"wp:featuredmedia":[{"embeddable":true,"href":"https:\/\/www.decomobi.com.ar\/sitio\/wp-json\/wp\/v2\/media\/4911"}],"wp:attachment":[{"href":"https:\/\/www.decomobi.com.ar\/sitio\/wp-json\/wp\/v2\/media?parent=4441"}],"curies":[{"name":"wp","href":"https:\/\/api.w.org\/{rel}","templated":true}]}}